{"id":2,"date":"2020-02-29T18:27:04","date_gmt":"2020-02-29T18:27:04","guid":{"rendered":"http:\/\/psp3kozienice.pl\/?page_id=2"},"modified":"2023-09-13T19:41:28","modified_gmt":"2023-09-13T19:41:28","slug":"sample-page","status":"publish","type":"page","link":"https:\/\/psp3kozienice.pl\/","title":{"rendered":"Najnowsze wpisy"},"content":{"rendered":"\n<div class=\"wp-block-group\"><div class=\"wp-block-group__inner-container is-layout-flow wp-block-group-is-layout-flow\"><ul class=\"wp-block-latest-posts__list is-grid columns-4 aligncenter wp-block-latest-posts\"><li><div class=\"wp-block-latest-posts__featured-image aligncenter\"><img width=\"525\" height=\"362\" src=\"https:\/\/psp3kozienice.pl\/wp-content\/uploads\/2026\/04\/2-1.png\" class=\"attachment-large size-large wp-post-image\" alt=\"Szko\u0142a Aktywna Turystycznie\" decoding=\"async\" style=\"\" srcset=\"https:\/\/psp3kozienice.pl\/wp-content\/uploads\/2026\/04\/2-1.png 644w, https:\/\/psp3kozienice.pl\/wp-content\/uploads\/2026\/04\/2-1-300x207.png 300w\" sizes=\"(max-width: 525px) 100vw, 525px\" \/><\/div><a class=\"wp-block-latest-posts__post-title\" href=\"https:\/\/psp3kozienice.pl\/?p=12088\">Wyr\u00f3\u017cnienie dla naszej szko\u0142y w konkursie turystycznym<\/a><div class=\"wp-block-latest-posts__post-excerpt\"><\/div><\/li>\n<li><div class=\"wp-block-latest-posts__featured-image aligncenter\"><img width=\"525\" height=\"362\" src=\"https:\/\/psp3kozienice.pl\/wp-content\/uploads\/2026\/04\/3-1.png\" class=\"attachment-large size-large wp-post-image\" alt=\"Sukces w PTTk\" decoding=\"async\" style=\"\" srcset=\"https:\/\/psp3kozienice.pl\/wp-content\/uploads\/2026\/04\/3-1.png 644w, https:\/\/psp3kozienice.pl\/wp-content\/uploads\/2026\/04\/3-1-300x207.png 300w\" sizes=\"(max-width: 525px) 100vw, 525px\" \/><\/div><a class=\"wp-block-latest-posts__post-title\" href=\"https:\/\/psp3kozienice.pl\/?p=12082\">Sukces naszych uczennic w konkursie krajoznawczym!<\/a><div class=\"wp-block-latest-posts__post-excerpt\"><\/div><\/li>\n<li><div class=\"wp-block-latest-posts__featured-image aligncenter\"><img width=\"525\" height=\"362\" src=\"https:\/\/psp3kozienice.pl\/wp-content\/uploads\/2026\/04\/1-1.png\" class=\"attachment-large size-large wp-post-image\" alt=\"Dru\u017cyna dziewcz\u0105t w pi\u0142ce r\u0119cznej\" decoding=\"async\" style=\"\" srcset=\"https:\/\/psp3kozienice.pl\/wp-content\/uploads\/2026\/04\/1-1.png 644w, https:\/\/psp3kozienice.pl\/wp-content\/uploads\/2026\/04\/1-1-300x207.png 300w\" sizes=\"(max-width: 525px) 100vw, 525px\" \/><\/div><a class=\"wp-block-latest-posts__post-title\" href=\"https:\/\/psp3kozienice.pl\/?p=12076\">MISTRZOSTWA GMINY KOZIENICE W PI\u0141CE R\u0118CZNEJ DZIEWCZ\u0104T Z KLAS VIII i VII<\/a><div class=\"wp-block-latest-posts__post-excerpt\"><\/div><\/li>\n<li><div class=\"wp-block-latest-posts__featured-image aligncenter\"><img width=\"525\" height=\"362\" src=\"https:\/\/psp3kozienice.pl\/wp-content\/uploads\/2026\/04\/IMG_20260409_121317.jpg\" class=\"attachment-large size-large wp-post-image\" alt=\"Eliminacje powiatowe XLVII Og\u00f3lnopolskiego Turnieju Bezpiecze\u0144stwa w Ruchu Drogowym, kt\u00f3re odby\u0142y si\u0119 9.04.2026r. w Publicznej Szkole Podstawowej nr 3 z Oddzia\u0142ami Integracyjnymi w Kozienicach\" decoding=\"async\" style=\"\" srcset=\"https:\/\/psp3kozienice.pl\/wp-content\/uploads\/2026\/04\/IMG_20260409_121317.jpg 644w, https:\/\/psp3kozienice.pl\/wp-content\/uploads\/2026\/04\/IMG_20260409_121317-300x207.jpg 300w\" sizes=\"(max-width: 525px) 100vw, 525px\" \/><\/div><a class=\"wp-block-latest-posts__post-title\" href=\"https:\/\/psp3kozienice.pl\/?p=12039\">Eliminacje powiatowe XLVII Og\u00f3lnopolskiego Turnieju Bezpiecze\u0144stwa w Ruchu Drogowym<\/a><div class=\"wp-block-latest-posts__post-excerpt\"><\/div><\/li>\n<li><div class=\"wp-block-latest-posts__featured-image aligncenter\"><img width=\"525\" height=\"362\" src=\"https:\/\/psp3kozienice.pl\/wp-content\/uploads\/2026\/04\/1.png\" class=\"attachment-large size-large wp-post-image\" alt=\"Dzie\u0144 otwarty 13 kwietnia 2026 r.\" decoding=\"async\" style=\"\" srcset=\"https:\/\/psp3kozienice.pl\/wp-content\/uploads\/2026\/04\/1.png 644w, https:\/\/psp3kozienice.pl\/wp-content\/uploads\/2026\/04\/1-300x207.png 300w\" sizes=\"(max-width: 525px) 100vw, 525px\" \/><\/div><a class=\"wp-block-latest-posts__post-title\" href=\"https:\/\/psp3kozienice.pl\/?p=12066\">Dzie\u0144 otwarty 13 kwietnia 2026 r.<\/a><div class=\"wp-block-latest-posts__post-excerpt\"><\/div><\/li>\n<li><div class=\"wp-block-latest-posts__featured-image aligncenter\"><img width=\"525\" height=\"362\" src=\"https:\/\/psp3kozienice.pl\/wp-content\/uploads\/2026\/04\/Tekst-akapitu.png\" class=\"attachment-large size-large wp-post-image\" alt=\"akademia wielkanocna\" decoding=\"async\" style=\"\" srcset=\"https:\/\/psp3kozienice.pl\/wp-content\/uploads\/2026\/04\/Tekst-akapitu.png 644w, https:\/\/psp3kozienice.pl\/wp-content\/uploads\/2026\/04\/Tekst-akapitu-300x207.png 300w\" sizes=\"(max-width: 525px) 100vw, 525px\" \/><\/div><a class=\"wp-block-latest-posts__post-title\" href=\"https:\/\/psp3kozienice.pl\/?p=12059\">Akademia wielkanocna<\/a><div class=\"wp-block-latest-posts__post-excerpt\"><\/div><\/li>\n<li><div class=\"wp-block-latest-posts__featured-image aligncenter\"><img width=\"525\" height=\"362\" src=\"https:\/\/psp3kozienice.pl\/wp-content\/uploads\/2026\/04\/Projekt-bez-nazwy-9.png\" class=\"attachment-large size-large wp-post-image\" alt=\"Zaproszenie\" decoding=\"async\" style=\"\" srcset=\"https:\/\/psp3kozienice.pl\/wp-content\/uploads\/2026\/04\/Projekt-bez-nazwy-9.png 644w, https:\/\/psp3kozienice.pl\/wp-content\/uploads\/2026\/04\/Projekt-bez-nazwy-9-300x207.png 300w\" sizes=\"(max-width: 525px) 100vw, 525px\" \/><\/div><a class=\"wp-block-latest-posts__post-title\" href=\"https:\/\/psp3kozienice.pl\/?p=12034\">Zaproszenie<\/a><div class=\"wp-block-latest-posts__post-excerpt\"><\/div><\/li>\n<li><div class=\"wp-block-latest-posts__featured-image aligncenter\"><img width=\"525\" height=\"362\" src=\"https:\/\/psp3kozienice.pl\/wp-content\/uploads\/2026\/04\/Dodaj-podtytul.png\" class=\"attachment-large size-large wp-post-image\" alt=\"Informacja\" decoding=\"async\" style=\"\" srcset=\"https:\/\/psp3kozienice.pl\/wp-content\/uploads\/2026\/04\/Dodaj-podtytul.png 644w, https:\/\/psp3kozienice.pl\/wp-content\/uploads\/2026\/04\/Dodaj-podtytul-300x207.png 300w\" sizes=\"(max-width: 525px) 100vw, 525px\" \/><\/div><a class=\"wp-block-latest-posts__post-title\" href=\"https:\/\/psp3kozienice.pl\/?p=12028\">Informacja<\/a><div class=\"wp-block-latest-posts__post-excerpt\"><\/div><\/li>\n<li><div class=\"wp-block-latest-posts__featured-image aligncenter\"><img width=\"525\" height=\"362\" src=\"https:\/\/psp3kozienice.pl\/wp-content\/uploads\/2026\/03\/action.png\" class=\"attachment-large size-large wp-post-image\" alt=\"Gminne zawody sportowe w pi\u0142ce no\u017cnej ch\u0142opc\u00f3w klas VII i VIII\" decoding=\"async\" style=\"\" srcset=\"https:\/\/psp3kozienice.pl\/wp-content\/uploads\/2026\/03\/action.png 644w, https:\/\/psp3kozienice.pl\/wp-content\/uploads\/2026\/03\/action-300x207.png 300w\" sizes=\"(max-width: 525px) 100vw, 525px\" \/><\/div><a class=\"wp-block-latest-posts__post-title\" href=\"https:\/\/psp3kozienice.pl\/?p=12025\">Gminne zawody sportowe ch\u0142opc\u00f3w klas VII i VIII<\/a><div class=\"wp-block-latest-posts__post-excerpt\"><\/div><\/li>\n<li><div class=\"wp-block-latest-posts__featured-image aligncenter\"><img width=\"525\" height=\"362\" src=\"https:\/\/psp3kozienice.pl\/wp-content\/uploads\/2026\/03\/1-7.png\" class=\"attachment-large size-large wp-post-image\" alt=\"Fina\u0142 Og\u00f3lnopolskiego Konkursu Ekologicznego pod patronatem firmy Enea \u201eJeste\u015b energi\u0105 przysz\u0142o\u015bci\u201d\" decoding=\"async\" style=\"\" srcset=\"https:\/\/psp3kozienice.pl\/wp-content\/uploads\/2026\/03\/1-7.png 644w, https:\/\/psp3kozienice.pl\/wp-content\/uploads\/2026\/03\/1-7-300x207.png 300w\" sizes=\"(max-width: 525px) 100vw, 525px\" \/><\/div><a class=\"wp-block-latest-posts__post-title\" href=\"https:\/\/psp3kozienice.pl\/?p=12015\">Fina\u0142 Og\u00f3lnopolskiego Konkursu Ekologicznego pod patronatem firmy Enea \u201eJeste\u015b energi\u0105 przysz\u0142o\u015bci\u201d<\/a><div class=\"wp-block-latest-posts__post-excerpt\"><\/div><\/li>\n<li><div class=\"wp-block-latest-posts__featured-image aligncenter\"><img width=\"525\" height=\"362\" src=\"https:\/\/psp3kozienice.pl\/wp-content\/uploads\/2026\/03\/Projekt-bez-nazwy30.png\" class=\"attachment-large size-large wp-post-image\" alt=\"Warsztaty malowania pisanek\" decoding=\"async\" style=\"\" srcset=\"https:\/\/psp3kozienice.pl\/wp-content\/uploads\/2026\/03\/Projekt-bez-nazwy30.png 644w, https:\/\/psp3kozienice.pl\/wp-content\/uploads\/2026\/03\/Projekt-bez-nazwy30-300x207.png 300w\" sizes=\"(max-width: 525px) 100vw, 525px\" \/><\/div><a class=\"wp-block-latest-posts__post-title\" href=\"https:\/\/psp3kozienice.pl\/?p=12005\">Warsztaty malowania pisanek\ud83c\udfa8\ud83e\udd5a<\/a><div class=\"wp-block-latest-posts__post-excerpt\"><\/div><\/li>\n<li><div class=\"wp-block-latest-posts__featured-image aligncenter\"><img width=\"525\" height=\"362\" src=\"https:\/\/psp3kozienice.pl\/wp-content\/uploads\/2026\/03\/Projekt-bez-nazwy29.png\" class=\"attachment-large size-large wp-post-image\" alt=\"Wyr\u00f3\u017cnienie w konkursie pt. \u201eWielkanoc z tradycj\u0105 \u2013 pisanka i stroik wielkanocny\u201d\" decoding=\"async\" style=\"\" srcset=\"https:\/\/psp3kozienice.pl\/wp-content\/uploads\/2026\/03\/Projekt-bez-nazwy29.png 644w, https:\/\/psp3kozienice.pl\/wp-content\/uploads\/2026\/03\/Projekt-bez-nazwy29-300x207.png 300w\" sizes=\"(max-width: 525px) 100vw, 525px\" \/><\/div><a class=\"wp-block-latest-posts__post-title\" href=\"https:\/\/psp3kozienice.pl\/?p=11999\">Wyr\u00f3\u017cnienie w konkursie pt. \u201eWielkanoc z tradycj\u0105 \u2013 pisanka i stroik wielkanocny\u201d<\/a><div class=\"wp-block-latest-posts__post-excerpt\"><\/div><\/li>\n<\/ul><\/div><\/div>\n\n\n\n<p><\/p>\n","protected":false},"excerpt":{"rendered":"","protected":false},"author":1,"featured_media":6993,"parent":0,"menu_order":0,"comment_status":"closed","ping_status":"open","template":"page-template\/custom-home-page.php","meta":{"footnotes":""},"folder":[],"_links":{"self":[{"href":"https:\/\/psp3kozienice.pl\/index.php?rest_route=\/wp\/v2\/pages\/2"}],"collection":[{"href":"https:\/\/psp3kozienice.pl\/index.php?rest_route=\/wp\/v2\/pages"}],"about":[{"href":"https:\/\/psp3kozienice.pl\/index.php?rest_route=\/wp\/v2\/types\/page"}],"author":[{"embeddable":true,"href":"https:\/\/psp3kozienice.pl\/index.php?rest_route=\/wp\/v2\/users\/1"}],"replies":[{"embeddable":true,"href":"https:\/\/psp3kozienice.pl\/index.php?rest_route=%2Fwp%2Fv2%2Fcomments&post=2"}],"version-history":[{"count":9,"href":"https:\/\/psp3kozienice.pl\/index.php?rest_route=\/wp\/v2\/pages\/2\/revisions"}],"predecessor-version":[{"id":646,"href":"https:\/\/psp3kozienice.pl\/index.php?rest_route=\/wp\/v2\/pages\/2\/revisions\/646"}],"wp:featuredmedia":[{"embeddable":true,"href":"https:\/\/psp3kozienice.pl\/index.php?rest_route=\/wp\/v2\/media\/6993"}],"wp:attachment":[{"href":"https:\/\/psp3kozienice.pl\/index.php?rest_route=%2Fwp%2Fv2%2Fmedia&parent=2"}],"wp:term":[{"taxonomy":"folder","embeddable":true,"href":"https:\/\/psp3kozienice.pl\/index.php?rest_route=%2Fwp%2Fv2%2Ffolder&post=2"}],"curies":[{"name":"wp","href":"https:\/\/api.w.org\/{rel}","templated":true}]}}